{"id":213,"date":"2016-10-23T21:36:15","date_gmt":"2016-10-23T21:36:15","guid":{"rendered":"http:\/\/decoimpuls.de\/?page_id=213"},"modified":"2016-10-25T20:47:45","modified_gmt":"2016-10-25T20:47:45","slug":"konzeption-gestaltungsplanung","status":"publish","type":"page","link":"https:\/\/decoimpuls.de\/?page_id=213","title":{"rendered":"Konzeption &#038; Gestaltungsplanung"},"content":{"rendered":"<p style=\"text-align: center;\">Planung und Umsetzung einer effizienten Verkaufsf\u00f6rderungsstrategie individuell auf Ihre Bed\u00fcrfnisse angepasst.<\/p>\n<p style=\"text-align: center;\">Professionelle Beratung, Planung und Unterst\u00fctzung bei Messen, Events, Festen, Promotion, Schaufenster, Fotoaufnahmen,Konzeption und Ausarbeitung f\u00fcr Unternehmens-Guidelines<\/p>\n<p style=\"text-align: center;\">Planung und Umsetzung einer effizienten Verkaufsf\u00f6rderungsstrategie individuell auf Ihre Bed\u00fcrfnisse angepasst.<\/p>\n<p style=\"text-align: center;\">Professionelle Beratung, Planung und Unterst\u00fctzung bei Messen, Events, Festen, Promotion, Schaufenster, Fotoaufnahmen,Konzeption und Ausarbeitung f\u00fcr Unternehmens-Guidelines<\/p>\n","protected":false},"excerpt":{"rendered":"<p>Planung und Umsetzung einer effizienten Verkaufsf\u00f6rderungsstrategie individuell auf Ihre Bed\u00fcrfnisse angepasst. Professionelle Beratung, Planung und Unterst\u00fctzung bei Messen, Events, Festen, Promotion, Schaufenster, Fotoaufnahmen,Konzeption und Ausarbeitung f\u00fcr Unternehmens-Guidelines Planung und Umsetzung einer effizienten Verkaufsf\u00f6rderungsstrategie individuell auf Ihre Bed\u00fcrfnisse angepasst. Professionelle Beratung, Planung und Unterst\u00fctzung bei Messen, Events, Festen, Promotion, Schaufenster, Fotoaufnahmen,Konzeption und Ausarbeitung f\u00fcr Unternehmens-Guidelines<\/p>\n","protected":false},"author":1,"featured_media":0,"parent":0,"menu_order":0,"comment_status":"closed","ping_status":"closed","template":"","meta":[],"_links":{"self":[{"href":"https:\/\/decoimpuls.de\/index.php?rest_route=\/wp\/v2\/pages\/213"}],"collection":[{"href":"https:\/\/decoimpuls.de\/index.php?rest_route=\/wp\/v2\/pages"}],"about":[{"href":"https:\/\/decoimpuls.de\/index.php?rest_route=\/wp\/v2\/types\/page"}],"author":[{"embeddable":true,"href":"https:\/\/decoimpuls.de\/index.php?rest_route=\/wp\/v2\/users\/1"}],"replies":[{"embeddable":true,"href":"https:\/\/decoimpuls.de\/index.php?rest_route=%2Fwp%2Fv2%2Fcomments&post=213"}],"version-history":[{"count":2,"href":"https:\/\/decoimpuls.de\/index.php?rest_route=\/wp\/v2\/pages\/213\/revisions"}],"predecessor-version":[{"id":321,"href":"https:\/\/decoimpuls.de\/index.php?rest_route=\/wp\/v2\/pages\/213\/revisions\/321"}],"wp:attachment":[{"href":"https:\/\/decoimpuls.de\/index.php?rest_route=%2Fwp%2Fv2%2Fmedia&parent=213"}],"curies":[{"name":"wp","href":"https:\/\/api.w.org\/{rel}","templated":true}]}}