{"id":215,"date":"2016-10-23T21:36:38","date_gmt":"2016-10-23T21:36:38","guid":{"rendered":"http:\/\/decoimpuls.de\/?page_id=215"},"modified":"2016-10-25T20:48:42","modified_gmt":"2016-10-25T20:48:42","slug":"produktpraesentation","status":"publish","type":"page","link":"https:\/\/decoimpuls.de\/?page_id=215","title":{"rendered":"Produktpr\u00e4sentation"},"content":{"rendered":"<p style=\"text-align: center;\">Individuell auf Ihr Unternehmen abgestimmte Produktinszenierung.<br \/>\nUmsetzung von Dekoration, Schaufenster &amp; Showroomkonzept, Unterst\u00fctzung bei Neuer\u00f6ffnungen, Events &amp; Promotions-Aktionen, Planung &amp; Umsetzung von Messegestaltungen, Fotostyling etc., Regelm\u00e4\u00dfige Fl\u00e4chen- &amp; Schaufensterbetreuung<\/p>\n","protected":false},"excerpt":{"rendered":"<p>Individuell auf Ihr Unternehmen abgestimmte Produktinszenierung. Umsetzung von Dekoration, Schaufenster &amp; Showroomkonzept, Unterst\u00fctzung bei Neuer\u00f6ffnungen, Events &amp; Promotions-Aktionen, Planung &amp; Umsetzung von Messegestaltungen, Fotostyling etc., Regelm\u00e4\u00dfige Fl\u00e4chen- &amp; Schaufensterbetreuung<\/p>\n","protected":false},"author":1,"featured_media":0,"parent":0,"menu_order":0,"comment_status":"closed","ping_status":"closed","template":"","meta":[],"_links":{"self":[{"href":"https:\/\/decoimpuls.de\/index.php?rest_route=\/wp\/v2\/pages\/215"}],"collection":[{"href":"https:\/\/decoimpuls.de\/index.php?rest_route=\/wp\/v2\/pages"}],"about":[{"href":"https:\/\/decoimpuls.de\/index.php?rest_route=\/wp\/v2\/types\/page"}],"author":[{"embeddable":true,"href":"https:\/\/decoimpuls.de\/index.php?rest_route=\/wp\/v2\/users\/1"}],"replies":[{"embeddable":true,"href":"https:\/\/decoimpuls.de\/index.php?rest_route=%2Fwp%2Fv2%2Fcomments&post=215"}],"version-history":[{"count":2,"href":"https:\/\/decoimpuls.de\/index.php?rest_route=\/wp\/v2\/pages\/215\/revisions"}],"predecessor-version":[{"id":322,"href":"https:\/\/decoimpuls.de\/index.php?rest_route=\/wp\/v2\/pages\/215\/revisions\/322"}],"wp:attachment":[{"href":"https:\/\/decoimpuls.de\/index.php?rest_route=%2Fwp%2Fv2%2Fmedia&parent=215"}],"curies":[{"name":"wp","href":"https:\/\/api.w.org\/{rel}","templated":true}]}}